{"id":2,"date":"2018-10-14T19:05:56","date_gmt":"2018-10-14T22:05:56","guid":{"rendered":"https:\/\/worshippadsfree.com\/pads\/?page_id=2"},"modified":"2020-08-04T01:57:38","modified_gmt":"2020-08-04T04:57:38","slug":"pagina-exemplo","status":"publish","type":"page","link":"https:\/\/worshippadsfree.com\/pads\/","title":{"rendered":"Home Worship Pads Free"},"content":{"rendered":"<h2><strong>Exclusivos PADS mel\u00f3dicos menores<\/strong><\/h2>\n<blockquote><p>Nossos PADs s\u00e3o usados pro nosso time no dia a dia, e um desafio foi obter um clima mais adequado em can\u00e7\u00f5es mais mel\u00f3dicas e com predomin\u00e2ncia de tons menores.<\/p><\/blockquote>\n<p>O que fizemos para melhorar?<\/p>\n<blockquote><p>Criamos timbres exclusivos para tonalidades menores, ampliando as possibilidades e trazendo mais riqueza ao ambiente gerado.<\/p><\/blockquote>\n<p>Descubra este excelente recurso, dispon\u00edvel tamb\u00e9m nos pacotes gratuitos.<\/p>\n","protected":false},"excerpt":{"rendered":"<p>Exclusivos PADS mel\u00f3dicos menores Nossos PADs s\u00e3o usados pro nosso time no dia a dia, e um desafio foi obter um clima mais adequado em can\u00e7\u00f5es mais mel\u00f3dicas e com predomin\u00e2ncia de tons menores. O que fizemos para melhorar? Criamos timbres exclusivos para tonalidades menores, ampliando as possibilidades e trazendo<a class=\"moretag\" href=\"https:\/\/worshippadsfree.com\/pads\/\"> Read more<\/a><\/p>\n","protected":false},"author":1,"featured_media":0,"parent":0,"menu_order":0,"comment_status":"closed","ping_status":"open","template":"","meta":{"_editorskit_title_hidden":false,"_editorskit_reading_time":0,"_editorskit_is_block_options_detached":false,"_editorskit_block_options_position":"{}","_uag_custom_page_level_css":"","advgb_blocks_editor_width":"","advgb_blocks_columns_visual_guide":"","jetpack_post_was_ever_published":false,"footnotes":""},"class_list":["post-2","page","type-page","status-publish","hentry"],"uagb_featured_image_src":{"full":false,"thumbnail":false,"medium":false,"medium_large":false,"large":false,"1536x1536":false,"2048x2048":false,"hestia-blog":false,"hestia-portfolio":false,"jetpack-portfolio-admin-thumb":false},"uagb_author_info":{"display_name":"Worship Pads Free","author_link":"https:\/\/worshippadsfree.com\/pads\/author\/admin\/"},"uagb_comment_info":0,"uagb_excerpt":"Exclusivos PADS mel\u00f3dicos menores Nossos PADs s\u00e3o usados pro nosso time no dia a dia, e um desafio foi obter um clima mais adequado em can\u00e7\u00f5es mais mel\u00f3dicas e com predomin\u00e2ncia de tons menores. O que fizemos para melhorar? Criamos timbres exclusivos para tonalidades menores, ampliando as possibilidades e trazendo Read more","coauthors":[],"author_meta":{"author_link":"https:\/\/worshippadsfree.com\/pads\/author\/admin\/","display_name":"Worship Pads Free"},"relative_dates":{"created":"Posted 8 years ago","modified":"Updated 6 years ago"},"absolute_dates":{"created":"Posted on 14 de October de 2018","modified":"Updated on 4 de August de 2020"},"absolute_dates_time":{"created":"Posted on 14 de October de 2018 19:05","modified":"Updated on 4 de August de 2020 01:57"},"featured_img_caption":"","featured_img":false,"series_order":"","jetpack_sharing_enabled":true,"jetpack_shortlink":"https:\/\/wp.me\/PcggFs-2","_links":{"self":[{"href":"https:\/\/worshippadsfree.com\/pads\/wp-json\/wp\/v2\/pages\/2","targetHints":{"allow":["GET"]}}],"collection":[{"href":"https:\/\/worshippadsfree.com\/pads\/wp-json\/wp\/v2\/pages"}],"about":[{"href":"https:\/\/worshippadsfree.com\/pads\/wp-json\/wp\/v2\/types\/page"}],"author":[{"embeddable":true,"href":"https:\/\/worshippadsfree.com\/pads\/wp-json\/wp\/v2\/users\/1"}],"replies":[{"embeddable":true,"href":"https:\/\/worshippadsfree.com\/pads\/wp-json\/wp\/v2\/comments?post=2"}],"version-history":[{"count":0,"href":"https:\/\/worshippadsfree.com\/pads\/wp-json\/wp\/v2\/pages\/2\/revisions"}],"wp:attachment":[{"href":"https:\/\/worshippadsfree.com\/pads\/wp-json\/wp\/v2\/media?parent=2"}],"curies":[{"name":"wp","href":"https:\/\/api.w.org\/{rel}","templated":true}]}}